{"id":3523,"date":"2024-11-23T13:33:10","date_gmt":"2024-11-23T13:33:10","guid":{"rendered":"https:\/\/www.prta.hu\/web\/?page_id=3523"},"modified":"2026-03-02T15:53:36","modified_gmt":"2026-03-02T15:53:36","slug":"erasmus-program-oktatasi-celu-mobilitas-sta-palyazati-urlap","status":"publish","type":"page","link":"https:\/\/www.prta.hu\/web\/erasmus-program-oktatasi-celu-mobilitas-sta-palyazati-urlap\/","title":{"rendered":"Erasmus+ Program, oktat\u00e1si c\u00e9l\u00fa mobilit\u00e1s (STA) &#8211; P\u00e1ly\u00e1zati \u0171rlap"},"content":{"rendered":"<div class=\"frm_forms  with_frm_style frm_style_formidable-style\" id=\"frm_form_13_container\" data-token=\"91f7513280f2ab19561add579b2f0936\">\n<form enctype=\"multipart\/form-data\" method=\"post\" class=\"frm-show-form  frm_pro_form \" id=\"form_erasmus-program-oktatasi-celu-mobilitas-sta\" data-token=\"91f7513280f2ab19561add579b2f0936\">\n<div class=\"frm_form_fields \">\n<fieldset>\n<legend class=\"frm_screen_reader\">Erasmus+ Program oktat\u00e1si c\u00e9l\u00fa mobilit\u00e1s (STA)<\/legend>\r\n\r\n<div class=\"frm_fields_container\">\n<input type=\"hidden\" name=\"frm_action\" value=\"create\" \/>\n<input type=\"hidden\" name=\"form_id\" value=\"13\" \/>\n<input type=\"hidden\" name=\"frm_hide_fields_13\" id=\"frm_hide_fields_13\" value=\"\" \/>\n<input type=\"hidden\" name=\"form_key\" value=\"erasmus-program-oktatasi-celu-mobilitas-sta\" \/>\n<input type=\"hidden\" name=\"item_meta[0]\" value=\"\" \/>\n<input type=\"hidden\" id=\"frm_submit_entry_13\" name=\"frm_submit_entry_13\" value=\"fa02c92300\" \/><input type=\"hidden\" name=\"_wp_http_referer\" value=\"\/web\/wp-json\/wp\/v2\/pages\/3523\" \/><div id=\"frm_field_191_container\" class=\"frm_form_field frm_section_heading form-field \">\r\n<h3 class=\"frm_pos_top frm_section_spacing\">Szem\u00e9lyi adatok<\/h3>\r\n\r\n\r\n<div id=\"frm_field_192_container\" class=\"frm_form_field form-field  frm_required_field frm_top_container frm6 frm_first\">\r\n\t<label for=\"field_g4jc532\" id=\"field_g4jc532_label\" class=\"frm_primary_label\">Vezet\u00e9kn\u00e9v\r\n\t\t<span class=\"frm_required\" aria-hidden=\"true\">*<\/span>\r\n\t<\/label>\r\n\t<input  type=\"text\" id=\"field_g4jc532\" name=\"item_meta[192]\" value=\"\"  data-sectionid=\"191\"  data-reqmsg=\"Vezet\u00e9kn\u00e9v cannot be blank.\" aria-required=\"true\" data-invmsg=\"Vezet\u00e9kn\u00e9v is invalid\" aria-invalid=\"false\"   \/>\r\n\t\r\n\t\r\n<\/div>\n<div id=\"frm_field_193_container\" class=\"frm_form_field form-field  frm_required_field frm_top_container frm6\">\r\n\t<label for=\"field_mfcvk32\" id=\"field_mfcvk32_label\" class=\"frm_primary_label\">Keresztn\u00e9v\r\n\t\t<span class=\"frm_required\" aria-hidden=\"true\">*<\/span>\r\n\t<\/label>\r\n\t<input  type=\"text\" id=\"field_mfcvk32\" name=\"item_meta[193]\" value=\"\"  data-sectionid=\"191\"  data-reqmsg=\"Keresztn\u00e9v cannot be blank.\" aria-required=\"true\" data-invmsg=\"Keresztn\u00e9v is invalid\" aria-invalid=\"false\"   \/>\r\n\t\r\n\t\r\n<\/div>\n<div id=\"frm_field_194_container\" class=\"frm_form_field form-field  frm_required_field frm_top_container\">\r\n\t<label for=\"field_ygx3b32\" id=\"field_ygx3b32_label\" class=\"frm_primary_label\">\u00c1llampolg\u00e1rs\u00e1g\r\n\t\t<span class=\"frm_required\" aria-hidden=\"true\">*<\/span>\r\n\t<\/label>\r\n\t<input  type=\"text\" id=\"field_ygx3b32\" name=\"item_meta[194]\" value=\"\"  data-sectionid=\"191\"  data-reqmsg=\"\u00c1llampolg\u00e1rs\u00e1g cannot be blank.\" aria-required=\"true\" data-invmsg=\"\u00c1llampolg\u00e1rs\u00e1g is invalid\" aria-invalid=\"false\"   \/>\r\n\t\r\n\t\r\n<\/div>\n<div id=\"frm_field_195_container\" class=\"frm_form_field form-field  frm_required_field frm_top_container frm6 frm_first\">\r\n\t<label for=\"field_wrxf32\" id=\"field_wrxf32_label\" class=\"frm_primary_label\">Sz\u00fclet\u00e9si hely\r\n\t\t<span class=\"frm_required\" aria-hidden=\"true\">*<\/span>\r\n\t<\/label>\r\n\t<input  type=\"text\" id=\"field_wrxf32\" name=\"item_meta[195]\" value=\"\"  data-sectionid=\"191\"  data-reqmsg=\"Sz\u00fclet\u00e9si hely cannot be blank.\" aria-required=\"true\" data-invmsg=\"Sz\u00fclet\u00e9si hely is invalid\" aria-invalid=\"false\"   \/>\r\n\t\r\n\t\r\n<\/div>\n<div id=\"frm_field_196_container\" class=\"frm_form_field form-field  frm_top_container frm6\">\r\n\t<label for=\"field_q9cxd32\" id=\"field_q9cxd32_label\" class=\"frm_primary_label\">Sz\u00fclet\u00e9si id\u0151\r\n\t\t<span class=\"frm_required\" aria-hidden=\"true\"><\/span>\r\n\t<\/label>\r\n\t<input type=\"text\" id=\"field_q9cxd32\" name=\"item_meta[196]\" value=\"\"  data-sectionid=\"191\"  maxlength=\"10\" data-invmsg=\"Sz\u00fclet\u00e9si id\u0151 is invalid\" class=\"frm_date\" aria-invalid=\"false\"  \/>\r\n\t\r\n\t\r\n<\/div>\n<div id=\"frm_field_197_container\" class=\"frm_form_field form-field  frm_required_field frm_top_container\">\r\n\t<label for=\"field_mofpw32\" id=\"field_mofpw32_label\" class=\"frm_primary_label\">\u00c1lland\u00f3 lakc\u00edm\r\n\t\t<span class=\"frm_required\" aria-hidden=\"true\">*<\/span>\r\n\t<\/label>\r\n\t<input  type=\"text\" id=\"field_mofpw32\" name=\"item_meta[197]\" value=\"\"  data-sectionid=\"191\"  data-reqmsg=\"\u00c1lland\u00f3 lakc\u00edm cannot be blank.\" aria-required=\"true\" data-invmsg=\"\u00c1lland\u00f3 lakc\u00edm is invalid\" aria-invalid=\"false\"   \/>\r\n\t\r\n\t\r\n<\/div>\n<div id=\"frm_field_199_container\" class=\"frm_form_field form-field  frm_required_field frm_top_container frm6 frm_first\">\r\n\t<label for=\"field_n2e3m32\" id=\"field_n2e3m32_label\" class=\"frm_primary_label\">Telefonsz\u00e1m\r\n\t\t<span class=\"frm_required\" aria-hidden=\"true\">*<\/span>\r\n\t<\/label>\r\n\t<input type=\"tel\" id=\"field_n2e3m32\" name=\"item_meta[199]\" value=\"\"  data-sectionid=\"191\"  data-reqmsg=\"Telefonsz\u00e1m cannot be blank.\" aria-required=\"true\" data-invmsg=\"Telefonsz\u00e1m is invalid\" aria-invalid=\"false\" pattern=\"((\\+\\d{1,3}(-|.| )?\\(?\\d\\)?(-| |.)?\\d{1,5})|(\\(?\\d{2,6}\\)?))(-|.| )?(\\d{3,4})(-|.| )?(\\d{4})(( x| ext)\\d{1,5}){0,1}$\"  \/>\r\n\t\r\n\t\r\n<\/div>\n<div id=\"frm_field_200_container\" class=\"frm_form_field form-field  frm_required_field frm_top_container frm6\">\r\n\t<label for=\"field_6l3te32\" id=\"field_6l3te32_label\" class=\"frm_primary_label\">Email c\u00edm\r\n\t\t<span class=\"frm_required\" aria-hidden=\"true\">*<\/span>\r\n\t<\/label>\r\n\t<input type=\"email\" id=\"field_6l3te32\" name=\"item_meta[200]\" value=\"\"  data-sectionid=\"191\"  autocomplete=\"email\"  data-reqmsg=\"Email c\u00edm cannot be blank.\" aria-required=\"true\" data-invmsg=\"Email c\u00edm is invalid\" aria-invalid=\"false\"  \/>\r\n\t\r\n\t\r\n<\/div>\n<div id=\"frm_field_235_container\" class=\"frm_form_field form-field  frm_required_field frm_top_container\">\r\n\t<label for=\"field_22h89\" id=\"field_22h89_label\" class=\"frm_primary_label\">Int\u00e9zet\r\n\t\t<span class=\"frm_required\" aria-hidden=\"true\">*<\/span>\r\n\t<\/label>\r\n\t<input  type=\"text\" id=\"field_22h89\" name=\"item_meta[235]\" value=\"\"  data-sectionid=\"191\"  data-reqmsg=\"Int\u00e9zet nem lehet \u00fcres.\" aria-required=\"true\" data-invmsg=\"Int\u00e9zet is invalid\" aria-invalid=\"false\"   \/>\r\n\t\r\n\t\r\n<\/div>\n<div id=\"frm_field_236_container\" class=\"frm_form_field form-field  frm_required_field frm_top_container\">\r\n\t<label for=\"field_kjjhm\" id=\"field_kjjhm_label\" class=\"frm_primary_label\">Beoszt\u00e1s\r\n\t\t<span class=\"frm_required\" aria-hidden=\"true\">*<\/span>\r\n\t<\/label>\r\n\t<input  type=\"text\" id=\"field_kjjhm\" name=\"item_meta[236]\" value=\"\"  data-sectionid=\"191\"  data-reqmsg=\"Beoszt\u00e1s nem lehet \u00fcres.\" aria-required=\"true\" data-invmsg=\"Beoszt\u00e1s is invalid\" aria-invalid=\"false\"   \/>\r\n\t\r\n\t\r\n<\/div>\n<\/div>\n<div id=\"frm_field_213_container\" class=\"frm_form_field frm_section_heading form-field \">\r\n<h3 class=\"frm_pos_top frm_section_spacing\">Tervezett Erasmus+ mobilit\u00e1si tev\u00e9kenys\u00e9g<\/h3>\r\n\r\n\r\n<div id=\"frm_field_214_container\" class=\"frm_form_field form-field  frm_required_field frm_top_container\">\r\n\t<label for=\"field_carqu32\" id=\"field_carqu32_label\" class=\"frm_primary_label\">V\u00e1lasztott fogad\u00f3 int\u00e9zm\u00e9ny neve\r\n\t\t<span class=\"frm_required\" aria-hidden=\"true\">*<\/span>\r\n\t<\/label>\r\n\t<input  type=\"text\" id=\"field_carqu32\" name=\"item_meta[214]\" value=\"\"  data-sectionid=\"213\"  data-reqmsg=\"V\u00e1lasztott fogad\u00f3 int\u00e9zm\u00e9ny neve cannot be blank.\" aria-required=\"true\" data-invmsg=\"V\u00e1lasztott fogad\u00f3 int\u00e9zm\u00e9ny neve is invalid\" aria-invalid=\"false\"   \/>\r\n\t\r\n\t\r\n<\/div>\n<div id=\"frm_field_237_container\" class=\"frm_form_field form-field  frm_required_field frm_top_container\">\r\n\t<label for=\"field_13v9t\" id=\"field_13v9t_label\" class=\"frm_primary_label\">Mobilit\u00e1s tervezett id\u0151pontja (\u00e9v, h\u00f3)\r\n\t\t<span class=\"frm_required\" aria-hidden=\"true\">*<\/span>\r\n\t<\/label>\r\n\t<input  type=\"text\" id=\"field_13v9t\" name=\"item_meta[237]\" value=\"\"  data-sectionid=\"213\"  data-reqmsg=\"Mobilit\u00e1s tervezett id\u0151pontja (\u00e9v, h\u00f3) nem lehet \u00fcres.\" aria-required=\"true\" data-invmsg=\"Mobilit\u00e1s tervezett id\u0151pontja (\u00e9v, h\u00f3) is invalid\" aria-invalid=\"false\"   \/>\r\n\t\r\n\t\r\n<\/div>\n<div id=\"frm_field_238_container\" class=\"frm_form_field form-field  frm_required_field frm_top_container\">\r\n\t<label for=\"field_cioeu\" id=\"field_cioeu_label\" class=\"frm_primary_label\">Megp\u00e1ly\u00e1zott napok sz\u00e1ma (utaz\u00e1s n\u00e9lk\u00fcl legal\u00e1bb 2 nap)\r\n\t\t<span class=\"frm_required\" aria-hidden=\"true\">*<\/span>\r\n\t<\/label>\r\n\t<input type=\"number\" id=\"field_cioeu\" name=\"item_meta[238]\" value=\"\" data-sectionid=\"213\"  data-reqmsg=\"Megp\u00e1ly\u00e1zott napok sz\u00e1ma (utaz\u00e1s n\u00e9lk\u00fcl legal\u00e1bb 2 nap) nem lehet \u00fcres.\" aria-required=\"true\" data-invmsg=\"Megp\u00e1ly\u00e1zott napok sz\u00e1ma (utaz\u00e1s n\u00e9lk\u00fcl legal\u00e1bb 2 nap) is invalid\" aria-invalid=\"false\"   min=\"2\" max=\"999\" step=\"any\" \/>\r\n\t\r\n\t\r\n<\/div>\n<div id=\"frm_field_216_container\" class=\"frm_form_field form-field  frm_required_field frm_top_container\">\r\n\t<label for=\"field_awnlo2\" id=\"field_awnlo2_label\" class=\"frm_primary_label\">A k\u00fclf\u00f6ldi oktat\u00e1si tev\u00e9kenys\u00e9g munkanyelve\r\n\t\t<span class=\"frm_required\" aria-hidden=\"true\">*<\/span>\r\n\t<\/label>\r\n\t\t\t<select name=\"item_meta[216]\" id=\"field_awnlo2\"  data-sectionid=\"213\"  data-frmval=\"magyar\" data-reqmsg=\"A k\u00fclf\u00f6ldi oktat\u00e1si tev\u00e9kenys\u00e9g munkanyelve nem lehet \u00fcres.\" aria-required=\"true\" data-invmsg=\"A k\u00fclf\u00f6ldi oktat\u00e1si tev\u00e9kenys\u00e9g munkanyelve is invalid\" aria-invalid=\"false\"  >\n\t\t<option  value=\"magyar\" selected='selected'>magyar<\/option><option  value=\"angol\">angol<\/option><option  value=\"n\u00e9met\">n\u00e9met<\/option>\t<\/select>\n\t\r\n\t\r\n\t\r\n<\/div>\n<div id=\"frm_field_239_container\" class=\"frm_form_field form-field  frm_required_field frm_top_container\">\r\n\t<label for=\"field_pw9td\" id=\"field_pw9td_label\" class=\"frm_primary_label\">A tervezett oktat\u00e1si tev\u00e9kenys\u00e9g r\u00f6vid le\u00edr\u00e1sa\r\n\t\t<span class=\"frm_required\" aria-hidden=\"true\">*<\/span>\r\n\t<\/label>\r\n\t<textarea name=\"item_meta[239]\" id=\"field_pw9td\" rows=\"5\"  data-sectionid=\"213\"  data-reqmsg=\"A tervezett oktat\u00e1si tev\u00e9kenys\u00e9g r\u00f6vid le\u00edr\u00e1sa nem lehet \u00fcres.\" aria-required=\"true\" data-invmsg=\"A tervezett oktat\u00e1si tev\u00e9kenys\u00e9g r\u00f6vid le\u00edr\u00e1sa is invalid\" aria-invalid=\"false\"  ><\/textarea>\r\n\t\r\n\t\r\n<\/div>\n<div id=\"frm_field_240_container\" class=\"frm_form_field form-field  frm_required_field frm_top_container\">\r\n\t<label for=\"field_tmp8g\" id=\"field_tmp8g_label\" class=\"frm_primary_label\">Legut\u00f3bbi r\u00e9szv\u00e9tel az Erasmus oktat\u00f3i mobilit\u00e1sban (melyik partnerint\u00e9zm\u00e9nyben oktatott \u00e9s melyik tan\u00e9vben)?\r\n\t\t<span class=\"frm_required\" aria-hidden=\"true\">*<\/span>\r\n\t<\/label>\r\n\t<input  type=\"text\" id=\"field_tmp8g\" name=\"item_meta[240]\" value=\"\"  data-sectionid=\"213\"  data-reqmsg=\"Legut\u00f3bbi r\u00e9szv\u00e9tel az Erasmus oktat\u00f3i mobilit\u00e1sban (melyik partnerint\u00e9zm\u00e9nyben oktatott \u00e9s melyik tan\u00e9vben)? nem lehet \u00fcres.\" aria-required=\"true\" data-invmsg=\"Legut\u00f3bbi r\u00e9szv\u00e9tel az Erasmus oktat\u00f3i mobilit\u00e1sban (melyik partnerint\u00e9zm\u00e9nyben oktatott \u00e9s melyik tan\u00e9vben)? is invalid\" aria-invalid=\"false\"   \/>\r\n\t\r\n\t\r\n<\/div>\n<\/div>\n<div id=\"frm_field_223_container\" class=\"frm_form_field frm_section_heading form-field \">\r\n<h3 class=\"frm_pos_top frm_section_spacing\">Csatoland\u00f3 dokumentumok<\/h3>\r\n\r\n\r\n<div id=\"frm_field_224_container\" class=\"frm_form_field form-field  frm_top_container\">\r\n\t<label for=\"field_hnd3z32\" id=\"field_hnd3z32_label\" class=\"frm_primary_label\">Oktat\u00f3i munkaterv\r\n\t\t<span class=\"frm_required\" aria-hidden=\"true\"><\/span>\r\n\t<\/label>\r\n\t<input type=\"hidden\"  data-sectionid=\"223\"  data-invmsg=\"Oktat\u00f3i munkaterv is invalid\" aria-invalid=\"false\"   name=\"item_meta[224]\"  value=\"\" data-frmfile=\"224\" \/>\n\n<div class=\"frm_dropzone frm_single_upload frm_clearfix\" id=\"file224_dropzone\" role=\"group\" >\n\t<div class=\"fallback\">\n\t\t<input type=\"file\" name=\"file224\" id=\"field_hnd3z32\"\n\t\t\t data-sectionid=\"223\"  data-invmsg=\"Oktat\u00f3i munkaterv is invalid\" aria-invalid=\"false\"  \t\t\t\/>\n\t\t\t\t<div class=\"frm_clearfix \"><\/div>\n\t<\/div>\n\t<div class=\"dz-message needsclick\">\n\t\t\t\t<svg  viewBox=\"0 0 18 18\" class=\"frmsvg frm-svg-icon\">\n\t<path viewBox=\"0 0 18 18\" fill-rule=\"evenodd\" clip-rule=\"evenodd\" d=\"M8.2 4v8a.8.8 0 001.5 0V4l2.1 2.2A.7.7 0 1013 5L9.5 1.7a.7.7 0 00-1.1 0L5.1 5.2a.8.8 0 001 1l2.1-2zm7.6 4.3c.4 0 .7.3.7.7v6.8c0 .4-.3.7-.8.7H2.3a.8.8 0 01-.8-.8V9A.8.8 0 013 9v6h12V9c0-.4.3-.8.8-.8z\"><\/path>\n<\/svg>\t\t<span class=\"frm_upload_text\"><button type=\"button\" aria-label=\"Oktat\u00f3i munkaterv. H\u00fazzunk ide egy f\u00e1jlt vagy kattintsunk ide a felt\u00f6lt\u00e9shez.. Maximum file size: 67.11MB\">H\u00fazzunk ide egy f\u00e1jlt vagy kattintsunk ide a felt\u00f6lt\u00e9shez.<\/button><\/span>\n\t\t<span class=\"frm_compact_text\"><button type=\"button\" aria-label=\"Oktat\u00f3i munkaterv. Tall\u00f3z\u00e1s. Maximum file size: 67.11MB\">Tall\u00f3z\u00e1s<\/button><\/span>\n\t\t<div class=\"frm_small_text\">\n\t\t\t<p>Maximum file size: 67.11MB<\/p>\n\t\t<\/div>\n\t<\/div>\n<\/div>\n\t\r\n\t\r\n\t\r\n<\/div>\n<div id=\"frm_field_225_container\" class=\"frm_form_field form-field  frm_top_container\">\r\n\t<label for=\"field_yyz1t32\" id=\"field_yyz1t32_label\" class=\"frm_primary_label\">Fogad\u00f3 int\u00e9zm\u00e9ny r\u00e9sz\u00e9r\u0151l kiadott megh\u00edv\u00f3\r\n\t\t<span class=\"frm_required\" aria-hidden=\"true\"><\/span>\r\n\t<\/label>\r\n\t<input type=\"hidden\"  data-sectionid=\"223\"  data-invmsg=\"Fogad\u00f3 int\u00e9zm\u00e9ny r\u00e9sz\u00e9r\u0151l kiadott megh\u00edv\u00f3 is invalid\" aria-invalid=\"false\"   name=\"item_meta[225]\"  value=\"\" data-frmfile=\"225\" \/>\n\n<div class=\"frm_dropzone frm_single_upload frm_clearfix\" id=\"file225_dropzone\" role=\"group\" >\n\t<div class=\"fallback\">\n\t\t<input type=\"file\" name=\"file225\" id=\"field_yyz1t32\"\n\t\t\t data-sectionid=\"223\"  data-invmsg=\"Fogad\u00f3 int\u00e9zm\u00e9ny r\u00e9sz\u00e9r\u0151l kiadott megh\u00edv\u00f3 is invalid\" aria-invalid=\"false\"  \t\t\t\/>\n\t\t\t\t<div class=\"frm_clearfix \"><\/div>\n\t<\/div>\n\t<div class=\"dz-message needsclick\">\n\t\t\t\t<svg  viewBox=\"0 0 18 18\" class=\"frmsvg frm-svg-icon\">\n\t<path viewBox=\"0 0 18 18\" fill-rule=\"evenodd\" clip-rule=\"evenodd\" d=\"M8.2 4v8a.8.8 0 001.5 0V4l2.1 2.2A.7.7 0 1013 5L9.5 1.7a.7.7 0 00-1.1 0L5.1 5.2a.8.8 0 001 1l2.1-2zm7.6 4.3c.4 0 .7.3.7.7v6.8c0 .4-.3.7-.8.7H2.3a.8.8 0 01-.8-.8V9A.8.8 0 013 9v6h12V9c0-.4.3-.8.8-.8z\"><\/path>\n<\/svg>\t\t<span class=\"frm_upload_text\"><button type=\"button\" aria-label=\"Fogad\u00f3 int\u00e9zm\u00e9ny r\u00e9sz\u00e9r\u0151l kiadott megh\u00edv\u00f3. H\u00fazzunk ide egy f\u00e1jlt vagy kattintsunk ide a felt\u00f6lt\u00e9shez.. Maximum file size: 67.11MB\">H\u00fazzunk ide egy f\u00e1jlt vagy kattintsunk ide a felt\u00f6lt\u00e9shez.<\/button><\/span>\n\t\t<span class=\"frm_compact_text\"><button type=\"button\" aria-label=\"Fogad\u00f3 int\u00e9zm\u00e9ny r\u00e9sz\u00e9r\u0151l kiadott megh\u00edv\u00f3. Tall\u00f3z\u00e1s. Maximum file size: 67.11MB\">Tall\u00f3z\u00e1s<\/button><\/span>\n\t\t<div class=\"frm_small_text\">\n\t\t\t<p>Maximum file size: 67.11MB<\/p>\n\t\t<\/div>\n\t<\/div>\n<\/div>\n\t\r\n\t\r\n\t\r\n<\/div>\n<\/div>\n<div id=\"frm_field_282_container\" class=\"frm_form_field  frm_scroll_box frm_html_container form-field\">Adatkezel\u00e9si t\u00e1j\u00e9koztat\u00f3<\/p>\n<p>A p\u00e1ly\u00e1zat elk\u00fcld\u00e9s\u00e9vel hozz\u00e1j\u00e1rulok, hogy az \u00e1ltalam megadott szem\u00e9lyes adatokat a P\u00e1pai Reform\u00e1tus Teol\u00f3giai Akad\u00e9mia a p\u00e1ly\u00e1zat elb\u00edr\u00e1l\u00e1sa, valamint nyertes p\u00e1ly\u00e1zat eset\u00e9n a mobilit\u00e1s lebonyol\u00edt\u00e1sa c\u00e9lj\u00e1b\u00f3l kezelje. (A v\u00e1laszair\u00f3l m\u00e1solatot k\u00fcld\u00fcnk a megadott c\u00edmre.)<\/p><\/div>\n<div id=\"frm_field_283_container\" class=\"frm_form_field form-field  frm_required_field frm_none_container vertical_radio\">\r\n\t<div  id=\"field_mjj4b_label\" class=\"frm_primary_label\">Adatkezel\u00e9si t\u00e1j\u00e9koztat\u00f3\r\n\t\t<span class=\"frm_required\" aria-hidden=\"true\">*<\/span>\r\n\t<\/div>\r\n\t<div class=\"frm_opt_container\" aria-labelledby=\"field_mjj4b_label\" role=\"group\">\t\t<div class=\"frm_checkbox\" id=\"frm_checkbox_283-0\">\t\t\t<label  for=\"field_mjj4b-0\">\n\t\t\t<input type=\"checkbox\" name=\"item_meta[283][]\" id=\"field_mjj4b-0\" value=\"Az adatkezel\u00e9si t\u00e1j\u00e9koztat\u00f3t elolvastam \u00e9s elfogadom.\"  data-reqmsg=\"Adatkezel\u00e9si t\u00e1j\u00e9koztat\u00f3 nem lehet \u00fcres.\" data-invmsg=\"Adatkezel\u00e9si t\u00e1j\u00e9koztat\u00f3 is invalid\"   aria-required=\"true\"  \/> Az adatkezel\u00e9si t\u00e1j\u00e9koztat\u00f3t elolvastam \u00e9s elfogadom.<\/label><\/div>\n<\/div>\r\n\t\r\n\t\r\n<\/div>\n<div id=\"frm_field_232_container\" class=\"frm_form_field form-field  frm_none_container\">\r\n\t<label for=\"g-recaptcha-response\" id=\"field_zg4me32_label\" class=\"frm_primary_label\">Captcha\r\n\t\t<span class=\"frm_required\" aria-hidden=\"true\"><\/span>\r\n\t<\/label>\r\n\t<div  id=\"field_zg4me32\" class=\"frm-g-recaptcha\" data-sitekey=\"6Lf6wIYqAAAAAGO1Pw52T9U4pjOeI0LW7gVZDNgs\" data-size=\"normal\" data-theme=\"light\"><\/div>\r\n\t\r\n\t\r\n<\/div>\n<div id=\"frm_field_233_container\" class=\"frm_form_field form-field \">\r\n\t<div class=\"frm_submit frm_flex\">\r\n<button class=\"frm_button_submit frm_final_submit\" type=\"submit\"   formnovalidate=\"formnovalidate\">Bek\u00fcld\u00e9s<\/button>\r\n\r\n\r\n\r\n<\/div>\r\n<\/div>\n\t<input type=\"hidden\" name=\"item_key\" value=\"\" \/>\n\t\t\t<div id=\"frm_field_284_container\">\n\t\t\t<label for=\"field_nwcd4\" >\n\t\t\t\tIf you are human, leave this field blank.\t\t\t<\/label>\n\t\t\t<input  id=\"field_nwcd4\" type=\"text\" class=\"frm_form_field form-field frm_verify\" name=\"item_meta[284]\" value=\"\"  \/>\n\t\t<\/div>\n\t\t<input name=\"frm_state\" type=\"hidden\" value=\"bqiY5x\/bz8S+Z6PpBd66M6xZSOU6kqSjQOuLqXgO7166AB5ybjDKHIJB4pG\/Aa+\/\" \/><\/div>\n<\/fieldset>\n<\/div>\n\n<\/form>\n<\/div>\n","protected":false},"excerpt":{"rendered":"Erasmus+ Program oktat\u00e1si c\u00e9l\u00fa mobilit\u00e1s (STA) Szem\u00e9lyi adatok Vezet\u00e9kn\u00e9v * Keresztn\u00e9v * \u00c1llampolg\u00e1rs\u00e1g * Sz\u00fclet\u00e9si hely * Sz\u00fclet\u00e9si id\u0151 \u00c1lland\u00f3 lakc\u00edm * Telefonsz\u00e1m * Email c\u00edm * Int\u00e9zet * Beoszt\u00e1s * Tervezett Erasmus+ mobilit\u00e1si tev\u00e9kenys\u00e9g V\u00e1lasztott fogad\u00f3 int\u00e9zm\u00e9ny neve * Mobilit\u00e1s tervezett id\u0151pontja (\u00e9v, h\u00f3) * Megp\u00e1ly\u00e1zott napok sz\u00e1ma (utaz\u00e1s n\u00e9lk\u00fcl legal\u00e1bb 2 nap) *...","protected":false},"author":2,"featured_media":0,"parent":0,"menu_order":0,"comment_status":"closed","ping_status":"closed","template":"","meta":{"_acf_changed":false,"footnotes":""},"class_list":["post-3523","page","type-page","status-publish","hentry"],"acf":[],"_links":{"self":[{"href":"https:\/\/www.prta.hu\/web\/wp-json\/wp\/v2\/pages\/3523","targetHints":{"allow":["GET"]}}],"collection":[{"href":"https:\/\/www.prta.hu\/web\/wp-json\/wp\/v2\/pages"}],"about":[{"href":"https:\/\/www.prta.hu\/web\/wp-json\/wp\/v2\/types\/page"}],"author":[{"embeddable":true,"href":"https:\/\/www.prta.hu\/web\/wp-json\/wp\/v2\/users\/2"}],"replies":[{"embeddable":true,"href":"https:\/\/www.prta.hu\/web\/wp-json\/wp\/v2\/comments?post=3523"}],"version-history":[{"count":2,"href":"https:\/\/www.prta.hu\/web\/wp-json\/wp\/v2\/pages\/3523\/revisions"}],"predecessor-version":[{"id":5409,"href":"https:\/\/www.prta.hu\/web\/wp-json\/wp\/v2\/pages\/3523\/revisions\/5409"}],"wp:attachment":[{"href":"https:\/\/www.prta.hu\/web\/wp-json\/wp\/v2\/media?parent=3523"}],"curies":[{"name":"wp","href":"https:\/\/api.w.org\/{rel}","templated":true}]}}